{"id":141,"date":"2025-06-12T12:00:05","date_gmt":"2025-06-12T10:00:05","guid":{"rendered":"https:\/\/staging.cultivision.com\/?page_id=141"},"modified":"2025-07-10T15:28:01","modified_gmt":"2025-07-10T13:28:01","slug":"imprint","status":"publish","type":"page","link":"https:\/\/staging.cultivision.com\/en\/imprint\/","title":{"rendered":"Imprint"},"content":{"rendered":"<div data-elementor-type=\"wp-page\" data-elementor-id=\"141\" class=\"elementor elementor-141\" data-elementor-post-type=\"page\">\n\t\t\t\t<div class=\"elementor-element elementor-element-c1ff72d e-flex e-con-boxed e-con e-parent\" data-id=\"c1ff72d\" data-element_type=\"container\">\n\t\t\t\t\t<div class=\"e-con-inner\">\n\t\t<div class=\"elementor-element elementor-element-a644794 e-con-full e-flex e-con e-child\" data-id=\"a644794\" data-element_type=\"container\">\n\t\t\t\t<div class=\"elementor-element elementor-element-800ad37 elementor-widget__width-inherit elementor-widget elementor-widget-text-editor\" data-id=\"800ad37\" data-element_type=\"widget\" data-widget_type=\"text-editor.default\">\n\t\t\t\t<div class=\"elementor-widget-container\">\n\t\t\t\t\t\t\t\t\t<h1>Imprint<\/h1><h2>Information according to \u00a7 5 TMG<\/h2><p>VineForecast GmbH<br \/>Friedrichstrasse 3-4<br \/>37073 G\u00f6ttingen<\/p><p>Commercial register: HRB 206225<br \/>Register court: G\u00f6ttingen<\/p><h3>Represented by:<\/h3><p>Richard Petersik<br \/>Paul Petersik<\/p><h3>Contact us<\/h3><p>Phone: +49 551-28879544<br \/>Email: kontakt@vineforecast.com<\/p><h3>Sales tax ID<\/h3><p>Sales tax identification number according to \u00a7 27 a sales tax law:<br \/>DE339829890<\/p><h3>Responsible editor<\/h3><p>The managing directors<\/p><h3>EU dispute resolution<\/h3><p>The European Commission provides a platform for online dispute resolution (OS):\u00a0<a href=\"https:\/\/ec.europa.eu\/consumers\/odr\">https:\/\/ec.europa.eu\/consumers\/odr<\/a>.<br \/>You can find our e-mail address in the legal notice above.<\/p><h3>Consumer dispute resolution\/universal arbitration centre<\/h3><p>We are not willing or obliged to participate in dispute resolution proceedings before a consumer arbitration board.<\/p><h3>Liability for content<\/h3><p>As a service provider, we are responsible for our own content on these pages in accordance with Section 7 (1) TMG (German Telemedia Act) and general legislation. According to \u00a7\u00a7 8 to 10 TMG, however, we as a service provider are not obliged to monitor transmitted or stored third-party information or to investigate circumstances that indicate illegal activity.<\/p><p>Obligations to remove or block the use of information in accordance with general legislation remain unaffected by this. However, liability in this respect is only possible from the time we become aware of a specific infringement. As soon as we become aware of such infringements, we will remove this content immediately.<\/p><h3>Liability for links<\/h3><p>Our website contains links to external third-party websites over whose content we have no influence. Therefore, we cannot accept any liability for this third-party content. The respective provider or operator of the pages is always responsible for the content of the linked pages. The linked pages were checked for possible legal violations at the time of linking. Illegal contents were not recognisable at the time of linking.<\/p><p>However, permanent monitoring of the content of the linked pages is not reasonable without concrete evidence of an infringement. If we become aware of any legal infringements, we will remove such links immediately.<\/p><h3>Copyright<\/h3><p>The content and works created by the site operators on these pages are subject to German copyright law. Reproduction, editing, distribution and any kind of utilisation outside the limits of copyright law require the written consent of the respective author or creator. Downloads and copies of this site are only permitted for private, non-commercial use.<\/p><p>Insofar as the content on this site was not created by the operator, the copyrights of third parties are respected. In particular, third-party content is labelled as such. Should you nevertheless become aware of a copyright infringement, please inform us accordingly. If we become aware of any infringements, we will remove such content immediately.<\/p><p><b>Externally sourced data<br \/><\/b>German Weather Service (<a href=\"https:\/\/www.dwd.de\/DE\/Home\/home_node.html\">https:\/\/www.dwd.de\/<\/a>)<br \/>PlantGrape Database (<a href=\"https:\/\/plantgrape.plantnet-project.org\/en\/catalogues\">https:\/\/plantgrape.plantnet-project.org\/en\/catalogues<\/a>)<\/p>\t\t\t\t\t\t\t\t<\/div>\n\t\t\t\t<\/div>\n\t\t\t\t<\/div>\n\t\t\t\t\t<\/div>\n\t\t\t\t<\/div>\n\t\t\t\t<\/div>","protected":false},"excerpt":{"rendered":"<p>Impressum Angaben gem\u00e4\u00df \u00a7 5 TMG VineForecast GmbHFriedrichstra\u00dfe 3-437073 G\u00f6ttingen Handelsregister: HRB 206225Registergericht: G\u00f6ttingen Vertreten durch: Richard PetersikPaul Petersik Kontakt Telefon: +49 551-28879544Email:\u00a0kontakt@vineforecast.com Umsatzsteuer-ID Umsatzsteuer-Identifikationsnummer gem\u00e4\u00df \u00a7 27 a Umsatzsteuergesetz:DE339829890 Redaktionelle Verantwortlicher Die Gesch\u00e4ftsf\u00fchrer EU-Streitschlichtung Die Europ\u00e4ische Kommission stellt eine Plattform zur Online-Streitbeilegung (OS) bereit:\u00a0https:\/\/ec.europa.eu\/consumers\/odr.Unsere E-Mail-Adresse finden Sie oben im Impressum. Verbraucher\u00adstreit\u00adbeilegung\/Universal\u00adschlichtungs\u00adstelle Wir sind nicht [&hellip;]<\/p>","protected":false},"author":3,"featured_media":0,"parent":0,"menu_order":0,"comment_status":"closed","ping_status":"closed","template":"","meta":{"footnotes":""},"class_list":["post-141","page","type-page","status-publish","hentry"],"_links":{"self":[{"href":"https:\/\/staging.cultivision.com\/en\/wp-json\/wp\/v2\/pages\/141","targetHints":{"allow":["GET"]}}],"collection":[{"href":"https:\/\/staging.cultivision.com\/en\/wp-json\/wp\/v2\/pages"}],"about":[{"href":"https:\/\/staging.cultivision.com\/en\/wp-json\/wp\/v2\/types\/page"}],"author":[{"embeddable":true,"href":"https:\/\/staging.cultivision.com\/en\/wp-json\/wp\/v2\/users\/3"}],"replies":[{"embeddable":true,"href":"https:\/\/staging.cultivision.com\/en\/wp-json\/wp\/v2\/comments?post=141"}],"version-history":[{"count":16,"href":"https:\/\/staging.cultivision.com\/en\/wp-json\/wp\/v2\/pages\/141\/revisions"}],"predecessor-version":[{"id":602,"href":"https:\/\/staging.cultivision.com\/en\/wp-json\/wp\/v2\/pages\/141\/revisions\/602"}],"wp:attachment":[{"href":"https:\/\/staging.cultivision.com\/en\/wp-json\/wp\/v2\/media?parent=141"}],"curies":[{"name":"wp","href":"https:\/\/api.w.org\/{rel}","templated":true}]}}